{"id":13688,"date":"2021-06-26T12:43:27","date_gmt":"2021-06-26T12:43:27","guid":{"rendered":"https:\/\/ales.al\/construction\/?page_id=13688"},"modified":"2023-06-12T13:09:21","modified_gmt":"2023-06-12T13:09:21","slug":"na-kontaktoni","status":"publish","type":"page","link":"https:\/\/ales.al\/construction\/sq\/na-kontaktoni\/","title":{"rendered":"Na kontaktoni"},"content":{"rendered":"<p>[vc_row css=&#8221;.vc_custom_1626206785668{margin-bottom: 80px !important;}&#8221; el_class=&#8221;contact-row&#8221;][vc_column width=&#8221;1\/2&#8243;][vc_gmaps link=&#8221;#E-8_JTNDaWZyYW1lJTIwc3JjJTNEJTIyaHR0cHMlM0ElMkYlMkZ3d3cuZ29vZ2xlLmNvbSUyRm1hcHMlMkZlbWJlZCUzRnBiJTNEJTIxMW0xOCUyMTFtMTIlMjExbTMlMjExZDI5OTYuMDc4MzczMzMxNzA4JTIxMmQxOS43ODIyOTY1NzY1ODY3MTMlMjEzZDQxLjMyODkwOTA5OTYxOTYyJTIxMm0zJTIxMWYwJTIxMmYwJTIxM2YwJTIxM20yJTIxMWkxMDI0JTIxMmk3NjglMjE0ZjEzLjElMjEzbTMlMjExbTIlMjExczB4MTM1MDMxYTQ4MzUxNzJmNyUyNTNBMHg2M2M1NzlkMDExOWNlYTc1JTIxMnNBbGVzJTI1MjBDb25zdHJ1Y3Rpb24lMjE1ZTAlMjEzbTIlMjExc3NxJTIxMnMlMjE0djE2ODY1NzUyMDUyNjYlMjE1bTIlMjExc3NxJTIxMnMlMjIlMjB3aWR0aCUzRCUyMjYwMCUyMiUyMGhlaWdodCUzRCUyMjQ1MCUyMiUyMHN0eWxlJTNEJTIyYm9yZGVyJTNBMCUzQiUyMiUyMGFsbG93ZnVsbHNjcmVlbiUzRCUyMiUyMiUyMGxvYWRpbmclM0QlMjJsYXp5JTIyJTIwcmVmZXJyZXJwb2xpY3klM0QlMjJuby1yZWZlcnJlci13aGVuLWRvd25ncmFkZSUyMiUzRSUzQyUyRmlmcmFtZSUzRQ==&#8221;][\/vc_column][vc_column width=&#8221;1\/2&#8243;][vc_row_inner css=&#8221;.vc_custom_1626206830206{margin-top: 60px !important;margin-left: 0px !important;}&#8221; el_class=&#8221;contact-subrow&#8221;][vc_column_inner el_class=&#8221;shadow-box&#8221;]<span class=\"subtitle dash-false style-dark text-default\">Shqip\u00ebri<\/span>[vc_column_text]<\/p>\n<h2>Tirana<\/h2>\n<p>[\/vc_column_text]<div class=\"dash style-dark default\"><\/div><a href=\"tel:+355692063111\"><div class=\"feature-box icon-title-only slim box-hovered spacing-1 spacing-mob-30 dark slim\"><span class=\"lnr lnr-phone\"><\/span><div class=\"content-wrapper\"><h3 class=\"feature-title\">+355 69 20 63 111<\/h3><\/div><\/div><\/a><a href=\"mailto:info@ales.al\"><div class=\"feature-box icon-title-only slim box-hovered spacing-1 spacing-mob-30 dark slim\"><span class=\"lnr lnr-envelope\"><\/span><div class=\"content-wrapper\"><h3 class=\"feature-title\">info@ales.al<\/h3><\/div><\/div><\/a><div class=\"feature-box icon-title-only box-hovered spacing-30 spacing-mob-30 dark slim\"><span class=\"lnr lnr-home\"><\/span><div class=\"content-wrapper\"><h3 class=\"feature-title\">Rruga \u201cTeodor Keko\u201d, Unaza e Re, Tiran\u00eb, Shqip\u00ebri.<\/h3><\/div><\/div>[\/vc_column_inner][\/vc_row_inner][\/vc_column][\/vc_row][vc_row css=&#8221;.vc_custom_1626206778829{margin-bottom: 80px !important;}&#8221; el_class=&#8221;contact-row&#8221;][vc_column width=&#8221;1\/2&#8243;][vc_gmaps link=&#8221;#E-8_JTNDaWZyYW1lJTIwc3JjJTNEJTIyaHR0cHMlM0ElMkYlMkZ3d3cuZ29vZ2xlLmNvbSUyRm1hcHMlMkZlbWJlZCUzRnBiJTNEJTIxMW0xNCUyMTFtOCUyMTFtMyUyMTFkNTkwMy4zMTM4MDA3Mjg3MTYlMjEyZDE4LjgzOTkwODUlMjEzZDQyLjI4NTg0NjglMjEzbTIlMjExaTEwMjQlMjEyaTc2OCUyMTRmMTMuMSUyMTNtMyUyMTFtMiUyMTFzMHgxMzRkZDQ5YTU3ODRiMzBkJTI1M0EweDZhZDljZWNiNmQ1MjliMmQlMjEyc0JsYSUyNUM1JTI1QkVhJTI1MjBKb3Zhbm92aSUyNUM0JTI1ODdhJTI1MkMlMjUyMEJ1ZHZhJTI1MkMlMjUyME1vbnRlbmVncm8lMjE1ZTAlMjEzbTIlMjExc2VuJTIxMnMlMjE0djE2Mjc1NzY3NDE1MjQlMjE1bTIlMjExc2VuJTIxMnMlMjIlMjB3aWR0aCUzRCUyMjY0MCUyMiUyMGhlaWdodCUzRCUyMjQ4MCUyMiUyMHN0eWxlJTNEJTIyYm9yZGVyJTNBMCUzQiUyMiUyMGFsbG93ZnVsbHNjcmVlbiUzRCUyMiUyMiUyMGxvYWRpbmclM0QlMjJsYXp5JTIyJTNFJTNDJTJGaWZyYW1lJTNF&#8221;][\/vc_column][vc_column width=&#8221;1\/2&#8243;][vc_row_inner css=&#8221;.vc_custom_1626206842128{margin-top: 60px !important;}&#8221; el_class=&#8221;contact-subrow&#8221;][vc_column_inner el_class=&#8221;shadow-box&#8221;]<span class=\"subtitle dash-false style-dark text-default\">Mal i Zi<\/span>[vc_column_text]<\/p>\n<h2>Budva<\/h2>\n<p>[\/vc_column_text]<div class=\"dash style-dark default\"><\/div><a href=\"tel:+355692063111\"><div class=\"feature-box icon-title-only slim box-hovered spacing-1 spacing-mob-30 dark slim\"><span class=\"lnr lnr-phone\"><\/span><div class=\"content-wrapper\"><h3 class=\"feature-title\">+355 69 20 63 111<\/h3><\/div><\/div><\/a><a href=\"mailto:info@ales.al\"><div class=\"feature-box icon-title-only slim box-hovered spacing-1 spacing-mob-30 dark slim\"><span class=\"lnr lnr-envelope\"><\/span><div class=\"content-wrapper\"><h3 class=\"feature-title\">info@ales.al<\/h3><\/div><\/div><\/a><div class=\"feature-box icon-title-only box-hovered spacing-30 spacing-mob-30 dark slim\"><span class=\"lnr lnr-home\"><\/span><div class=\"content-wrapper\"><h3 class=\"feature-title\">Bla\u017ea Jovanovi\u0107a, Budva, Montenegro<\/h3><\/div><\/div>[\/vc_column_inner][\/vc_row_inner][\/vc_column][\/vc_row][vc_row full_width=&#8221;stretch_row&#8221; gap=&#8221;30&#8243; css=&#8221;.vc_custom_1627575519133{padding-top: 120px !important;padding-bottom: 120px !important;background-position: center !important;background-repeat: no-repeat !important;background-size: cover !important;}&#8221;][vc_column width=&#8221;1\/2&#8243;][vc_column_text css_animation=&#8221;fadeIn&#8221; css=&#8221;.vc_custom_1624711893988{margin-bottom: 35px !important;}&#8221;]<\/p>\n<h2><\/h2>\n<div class=\"wpb_text_column wpb_content_element vc_custom_1535027106045\">\n<div class=\"wpb_wrapper\">\n<h2 id=\"tw-target-text\" class=\"tw-data-text tw-text-large XcVN5d tw-ta\" dir=\"ltr\" data-placeholder=\"P\u00ebrkthimi\"><span class=\"Y2IQFc\" lang=\"sq\">Le t\u00eb b\u00ebjm\u00eb nj\u00eb bised\u00eb produktive.<\/span><\/h2>\n<\/div>\n<\/div>\n<p>[\/vc_column_text]\n<div class=\"wpcf7 no-js\" id=\"wpcf7-f14765-o1\" lang=\"en-US\" dir=\"ltr\">\n<div class=\"screen-reader-response\"><p role=\"status\" aria-live=\"polite\" aria-atomic=\"true\"><\/p> <ul><\/ul><\/div>\n<form action=\"\/construction\/wp-json\/wp\/v2\/pages\/13688#wpcf7-f14765-o1\" method=\"post\" class=\"wpcf7-form init\" aria-label=\"Contact form\" novalidate=\"novalidate\" data-status=\"init\">\n<div style=\"display: none;\">\n<input type=\"hidden\" name=\"_wpcf7\" value=\"14765\" \/>\n<input type=\"hidden\" name=\"_wpcf7_version\" value=\"5.9.6\" \/>\n<input type=\"hidden\" name=\"_wpcf7_locale\" value=\"en_US\" \/>\n<input type=\"hidden\" name=\"_wpcf7_unit_tag\" value=\"wpcf7-f14765-o1\" \/>\n<input type=\"hidden\" name=\"_wpcf7_container_post\" value=\"0\" \/>\n<input type=\"hidden\" name=\"_wpcf7_posted_data_hash\" value=\"\" \/>\n<\/div>\n<p><label> Em\u00ebr*<br \/>\n<span class=\"wpcf7-form-control-wrap\" data-name=\"your-name\"><input size=\"40\" maxlength=\"80\" class=\"wpcf7-form-control wpcf7-text wpcf7-validates-as-required\" aria-required=\"true\" aria-invalid=\"false\" value=\"\" type=\"text\" name=\"your-name\" \/><\/span> <\/label>\n<\/p>\n<p><label> Email*<br \/>\n<span class=\"wpcf7-form-control-wrap\" data-name=\"your-email\"><input size=\"40\" maxlength=\"80\" class=\"wpcf7-form-control wpcf7-email wpcf7-validates-as-required wpcf7-text wpcf7-validates-as-email\" aria-required=\"true\" aria-invalid=\"false\" value=\"\" type=\"email\" name=\"your-email\" \/><\/span> <\/label>\n<\/p>\n<p><label> Subjekti<br \/>\n<span class=\"wpcf7-form-control-wrap\" data-name=\"your-subject\"><input size=\"40\" maxlength=\"80\" class=\"wpcf7-form-control wpcf7-text wpcf7-validates-as-required\" aria-required=\"true\" aria-invalid=\"false\" value=\"\" type=\"text\" name=\"your-subject\" \/><\/span> <\/label>\n<\/p>\n<p><label> Mesazhi<br \/>\n<span class=\"wpcf7-form-control-wrap\" data-name=\"your-message\"><textarea cols=\"40\" rows=\"10\" maxlength=\"400\" class=\"wpcf7-form-control wpcf7-textarea\" aria-invalid=\"false\" name=\"your-message\"><\/textarea><\/span> <\/label>\n<\/p>\n<p><input class=\"wpcf7-form-control wpcf7-submit has-spinner\" type=\"submit\" value=\"D\u00ebrgo\" \/>\n<\/p><div class=\"wpcf7-response-output\" aria-hidden=\"true\"><\/div>\n<\/form>\n<\/div>\n[\/vc_column][vc_column width=&#8221;1\/2&#8243;][\/vc_column][\/vc_row]<\/p>\n","protected":false},"excerpt":{"rendered":"<p>[vc_row css=&#8221;.vc_custom_1626206785668{margin-bottom: 80px !important;}&#8221; el_class=&#8221;contact-row&#8221;][vc_column width=&#8221;1\/2&#8243;][vc_gmaps link=&#8221;#E-8_JTNDaWZyYW1lJTIwc3JjJTNEJTIyaHR0cHMlM0ElMkYlMkZ3d3cuZ29vZ2xlLmNvbSUyRm1hcHMlMkZlbWJlZCUzRnBiJTNEJTIxMW0xOCUyMTFtMTIlMjExbTMlMjExZDI5OTYuMDc4MzczMzMxNzA4JTIxMmQxOS43ODIyOTY1NzY1ODY3MTMlMjEzZDQxLjMyODkwOTA5OTYxOTYyJTIxMm0zJTIxMWYwJTIxMmYwJTIxM2YwJTIxM20yJTIxMWkxMDI0JTIxMmk3NjglMjE0ZjEzLjElMjEzbTMlMjExbTIlMjExczB4MTM1MDMxYTQ4MzUxNzJmNyUyNTNBMHg2M2M1NzlkMDExOWNlYTc1JTIxMnNBbGVzJTI1MjBDb25zdHJ1Y3Rpb24lMjE1ZTAlMjEzbTIlMjExc3NxJTIxMnMlMjE0djE2ODY1NzUyMDUyNjYlMjE1bTIlMjExc3NxJTIxMnMlMjIlMjB3aWR0aCUzRCUyMjYwMCUyMiUyMGhlaWdodCUzRCUyMjQ1MCUyMiUyMHN0eWxlJTNEJTIyYm9yZGVyJTNBMCUzQiUyMiUyMGFsbG93ZnVsbHNjcmVlbiUzRCUyMiUyMiUyMGxvYWRpbmclM0QlMjJsYXp5JTIyJTIwcmVmZXJyZXJwb2xpY3klM0QlMjJuby1yZWZlcnJlci13aGVuLWRvd25ncmFkZSUyMiUzRSUzQyUyRmlmcmFtZSUzRQ==&#8221;][\/vc_column][vc_column width=&#8221;1\/2&#8243;][vc_row_inner css=&#8221;.vc_custom_1626206830206{margin-top: 60px !important;margin-left: 0px !important;}&#8221; el_class=&#8221;contact-subrow&#8221;][vc_column_inner el_class=&#8221;shadow-box&#8221;][vc_column_text] Tirana [\/vc_column_text][\/vc_column_inner][\/vc_row_inner][\/vc_column][\/vc_row][vc_row css=&#8221;.vc_custom_1626206778829{margin-bottom: 80px !important;}&#8221; el_class=&#8221;contact-row&#8221;][vc_column width=&#8221;1\/2&#8243;][vc_gmaps link=&#8221;#E-8_JTNDaWZyYW1lJTIwc3JjJTNEJTIyaHR0cHMlM0ElMkYlMkZ3d3cuZ29vZ2xlLmNvbSUyRm1hcHMlMkZlbWJlZCUzRnBiJTNEJTIxMW0xNCUyMTFtOCUyMTFtMyUyMTFkNTkwMy4zMTM4MDA3Mjg3MTYlMjEyZDE4LjgzOTkwODUlMjEzZDQyLjI4NTg0NjglMjEzbTIlMjExaTEwMjQlMjEyaTc2OCUyMTRmMTMuMSUyMTNtMyUyMTFtMiUyMTFzMHgxMzRkZDQ5YTU3ODRiMzBkJTI1M0EweDZhZDljZWNiNmQ1MjliMmQlMjEyc0JsYSUyNUM1JTI1QkVhJTI1MjBKb3Zhbm92aSUyNUM0JTI1ODdhJTI1MkMlMjUyMEJ1ZHZhJTI1MkMlMjUyME1vbnRlbmVncm8lMjE1ZTAlMjEzbTIlMjExc2VuJTIxMnMlMjE0djE2Mjc1NzY3NDE1MjQlMjE1bTIlMjExc2VuJTIxMnMlMjIlMjB3aWR0aCUzRCUyMjY0MCUyMiUyMGhlaWdodCUzRCUyMjQ4MCUyMiUyMHN0eWxlJTNEJTIyYm9yZGVyJTNBMCUzQiUyMiUyMGFsbG93ZnVsbHNjcmVlbiUzRCUyMiUyMiUyMGxvYWRpbmclM0QlMjJsYXp5JTIyJTNFJTNDJTJGaWZyYW1lJTNF&#8221;][\/vc_column][vc_column width=&#8221;1\/2&#8243;][vc_row_inner css=&#8221;.vc_custom_1626206842128{margin-top: 60px !important;}&#8221; el_class=&#8221;contact-subrow&#8221;][vc_column_inner el_class=&#8221;shadow-box&#8221;][vc_column_text] Budva [\/vc_column_text][\/vc_column_inner][\/vc_row_inner][\/vc_column][\/vc_row][vc_row full_width=&#8221;stretch_row&#8221; gap=&#8221;30&#8243; css=&#8221;.vc_custom_1627575519133{padding-top: 120px !important;padding-bottom: 120px !important;background-position: center !important;background-repeat: no-repeat !important;background-size: cover !important;}&#8221;][vc_column width=&#8221;1\/2&#8243;][vc_column_text css_animation=&#8221;fadeIn&#8221; css=&#8221;.vc_custom_1624711893988{margin-bottom: 35px !important;}&#8221;] Le t\u00eb b\u00ebjm\u00eb nj\u00eb bised\u00eb produktive. [&hellip;]<\/p>\n","protected":false},"author":1,"featured_media":0,"parent":0,"menu_order":0,"comment_status":"closed","ping_status":"closed","template":"","meta":{"footnotes":""},"class_list":["post-13688","page","type-page","status-publish","hentry"],"acf":[],"yoast_head":"<!-- This site is optimized with the Yoast SEO Premium plugin v20.7 (Yoast SEO v23.0) - https:\/\/yoast.com\/wordpress\/plugins\/seo\/ -->\n<title>Na kontaktoni - Ales Construction<\/title>\n<meta name=\"robots\" content=\"index, follow, max-snippet:-1, max-image-preview:large, max-video-preview:-1\" \/>\n<link rel=\"canonical\" href=\"https:\/\/ales.al\/construction\/sq\/na-kontaktoni\/\" \/>\n<meta property=\"og:locale\" content=\"en_US\" \/>\n<meta property=\"og:type\" content=\"article\" \/>\n<meta property=\"og:title\" content=\"Na kontaktoni\" \/>\n<meta property=\"og:description\" content=\"[vc_row css=&#8221;.vc_custom_1626206785668{margin-bottom: 80px !important;}&#8221; el_class=&#8221;contact-row&#8221;][vc_column width=&#8221;1\/2&#8243;][vc_gmaps link=&#8221;#E-8_JTNDaWZyYW1lJTIwc3JjJTNEJTIyaHR0cHMlM0ElMkYlMkZ3d3cuZ29vZ2xlLmNvbSUyRm1hcHMlMkZlbWJlZCUzRnBiJTNEJTIxMW0xOCUyMTFtMTIlMjExbTMlMjExZDI5OTYuMDc4MzczMzMxNzA4JTIxMmQxOS43ODIyOTY1NzY1ODY3MTMlMjEzZDQxLjMyODkwOTA5OTYxOTYyJTIxMm0zJTIxMWYwJTIxMmYwJTIxM2YwJTIxM20yJTIxMWkxMDI0JTIxMmk3NjglMjE0ZjEzLjElMjEzbTMlMjExbTIlMjExczB4MTM1MDMxYTQ4MzUxNzJmNyUyNTNBMHg2M2M1NzlkMDExOWNlYTc1JTIxMnNBbGVzJTI1MjBDb25zdHJ1Y3Rpb24lMjE1ZTAlMjEzbTIlMjExc3NxJTIxMnMlMjE0djE2ODY1NzUyMDUyNjYlMjE1bTIlMjExc3NxJTIxMnMlMjIlMjB3aWR0aCUzRCUyMjYwMCUyMiUyMGhlaWdodCUzRCUyMjQ1MCUyMiUyMHN0eWxlJTNEJTIyYm9yZGVyJTNBMCUzQiUyMiUyMGFsbG93ZnVsbHNjcmVlbiUzRCUyMiUyMiUyMGxvYWRpbmclM0QlMjJsYXp5JTIyJTIwcmVmZXJyZXJwb2xpY3klM0QlMjJuby1yZWZlcnJlci13aGVuLWRvd25ncmFkZSUyMiUzRSUzQyUyRmlmcmFtZSUzRQ==&#8221;][\/vc_column][vc_column width=&#8221;1\/2&#8243;][vc_row_inner css=&#8221;.vc_custom_1626206830206{margin-top: 60px !important;margin-left: 0px !important;}&#8221; el_class=&#8221;contact-subrow&#8221;][vc_column_inner el_class=&#8221;shadow-box&#8221;][vc_column_text] Tirana [\/vc_column_text][\/vc_column_inner][\/vc_row_inner][\/vc_column][\/vc_row][vc_row css=&#8221;.vc_custom_1626206778829{margin-bottom: 80px !important;}&#8221; el_class=&#8221;contact-row&#8221;][vc_column width=&#8221;1\/2&#8243;][vc_gmaps link=&#8221;#E-8_JTNDaWZyYW1lJTIwc3JjJTNEJTIyaHR0cHMlM0ElMkYlMkZ3d3cuZ29vZ2xlLmNvbSUyRm1hcHMlMkZlbWJlZCUzRnBiJTNEJTIxMW0xNCUyMTFtOCUyMTFtMyUyMTFkNTkwMy4zMTM4MDA3Mjg3MTYlMjEyZDE4LjgzOTkwODUlMjEzZDQyLjI4NTg0NjglMjEzbTIlMjExaTEwMjQlMjEyaTc2OCUyMTRmMTMuMSUyMTNtMyUyMTFtMiUyMTFzMHgxMzRkZDQ5YTU3ODRiMzBkJTI1M0EweDZhZDljZWNiNmQ1MjliMmQlMjEyc0JsYSUyNUM1JTI1QkVhJTI1MjBKb3Zhbm92aSUyNUM0JTI1ODdhJTI1MkMlMjUyMEJ1ZHZhJTI1MkMlMjUyME1vbnRlbmVncm8lMjE1ZTAlMjEzbTIlMjExc2VuJTIxMnMlMjE0djE2Mjc1NzY3NDE1MjQlMjE1bTIlMjExc2VuJTIxMnMlMjIlMjB3aWR0aCUzRCUyMjY0MCUyMiUyMGhlaWdodCUzRCUyMjQ4MCUyMiUyMHN0eWxlJTNEJTIyYm9yZGVyJTNBMCUzQiUyMiUyMGFsbG93ZnVsbHNjcmVlbiUzRCUyMiUyMiUyMGxvYWRpbmclM0QlMjJsYXp5JTIyJTNFJTNDJTJGaWZyYW1lJTNF&#8221;][\/vc_column][vc_column width=&#8221;1\/2&#8243;][vc_row_inner css=&#8221;.vc_custom_1626206842128{margin-top: 60px !important;}&#8221; el_class=&#8221;contact-subrow&#8221;][vc_column_inner el_class=&#8221;shadow-box&#8221;][vc_column_text] Budva [\/vc_column_text][\/vc_column_inner][\/vc_row_inner][\/vc_column][\/vc_row][vc_row full_width=&#8221;stretch_row&#8221; gap=&#8221;30&#8243; css=&#8221;.vc_custom_1627575519133{padding-top: 120px !important;padding-bottom: 120px !important;background-position: center !important;background-repeat: no-repeat !important;background-size: cover !important;}&#8221;][vc_column width=&#8221;1\/2&#8243;][vc_column_text css_animation=&#8221;fadeIn&#8221; css=&#8221;.vc_custom_1624711893988{margin-bottom: 35px !important;}&#8221;] Le t\u00eb b\u00ebjm\u00eb nj\u00eb bised\u00eb produktive. [&hellip;]\" \/>\n<meta property=\"og:url\" content=\"https:\/\/ales.al\/construction\/sq\/na-kontaktoni\/\" \/>\n<meta property=\"og:site_name\" content=\"Ales Construction\" \/>\n<meta property=\"article:publisher\" content=\"https:\/\/www.facebook.com\/ALES.Construction\" \/>\n<meta property=\"article:modified_time\" content=\"2023-06-12T13:09:21+00:00\" \/>\n<meta property=\"og:image\" content=\"https:\/\/ales.al\/construction\/wp-content\/uploads\/2021\/06\/ales2.jpg\" \/>\n\t<meta property=\"og:image:width\" content=\"600\" \/>\n\t<meta property=\"og:image:height\" content=\"760\" \/>\n\t<meta property=\"og:image:type\" content=\"image\/jpeg\" \/>\n<meta name=\"twitter:card\" content=\"summary_large_image\" \/>\n<meta name=\"twitter:label1\" content=\"Est. reading time\" \/>\n\t<meta name=\"twitter:data1\" content=\"2 minutes\" \/>\n<script type=\"application\/ld+json\" class=\"yoast-schema-graph\">{\"@context\":\"https:\/\/schema.org\",\"@graph\":[{\"@type\":\"WebPage\",\"@id\":\"https:\/\/ales.al\/construction\/sq\/na-kontaktoni\/\",\"url\":\"https:\/\/ales.al\/construction\/sq\/na-kontaktoni\/\",\"name\":\"Na kontaktoni - Ales Construction\",\"isPartOf\":{\"@id\":\"https:\/\/ales.al\/construction\/#website\"},\"datePublished\":\"2021-06-26T12:43:27+00:00\",\"dateModified\":\"2023-06-12T13:09:21+00:00\",\"breadcrumb\":{\"@id\":\"https:\/\/ales.al\/construction\/sq\/na-kontaktoni\/#breadcrumb\"},\"inLanguage\":\"en-US\",\"potentialAction\":[{\"@type\":\"ReadAction\",\"target\":[\"https:\/\/ales.al\/construction\/sq\/na-kontaktoni\/\"]}]},{\"@type\":\"BreadcrumbList\",\"@id\":\"https:\/\/ales.al\/construction\/sq\/na-kontaktoni\/#breadcrumb\",\"itemListElement\":[{\"@type\":\"ListItem\",\"position\":1,\"name\":\"Home\",\"item\":\"https:\/\/ales.al\/construction\/\"},{\"@type\":\"ListItem\",\"position\":2,\"name\":\"Na kontaktoni\"}]},{\"@type\":\"WebSite\",\"@id\":\"https:\/\/ales.al\/construction\/#website\",\"url\":\"https:\/\/ales.al\/construction\/\",\"name\":\"Ales Construction\",\"description\":\"Ales Construction\",\"publisher\":{\"@id\":\"https:\/\/ales.al\/construction\/#organization\"},\"alternateName\":\"Ales\",\"potentialAction\":[{\"@type\":\"SearchAction\",\"target\":{\"@type\":\"EntryPoint\",\"urlTemplate\":\"https:\/\/ales.al\/construction\/?s={search_term_string}\"},\"query-input\":\"required name=search_term_string\"}],\"inLanguage\":\"en-US\"},{\"@type\":\"Organization\",\"@id\":\"https:\/\/ales.al\/construction\/#organization\",\"name\":\"Ales Construction\",\"alternateName\":\"Ales Construction\",\"url\":\"https:\/\/ales.al\/construction\/\",\"logo\":{\"@type\":\"ImageObject\",\"inLanguage\":\"en-US\",\"@id\":\"https:\/\/ales.al\/construction\/#\/schema\/logo\/image\/\",\"url\":\"https:\/\/ales.al\/construction\/wp-content\/uploads\/2023\/05\/ales-logo.png\",\"contentUrl\":\"https:\/\/ales.al\/construction\/wp-content\/uploads\/2023\/05\/ales-logo.png\",\"width\":696,\"height\":696,\"caption\":\"Ales Construction\"},\"image\":{\"@id\":\"https:\/\/ales.al\/construction\/#\/schema\/logo\/image\/\"},\"sameAs\":[\"https:\/\/www.facebook.com\/ALES.Construction\"]}]}<\/script>\n<!-- \/ Yoast SEO Premium plugin. -->","yoast_head_json":{"title":"Na kontaktoni - Ales Construction","robots":{"index":"index","follow":"follow","max-snippet":"max-snippet:-1","max-image-preview":"max-image-preview:large","max-video-preview":"max-video-preview:-1"},"canonical":"https:\/\/ales.al\/construction\/sq\/na-kontaktoni\/","og_locale":"en_US","og_type":"article","og_title":"Na kontaktoni","og_description":"[vc_row css=&#8221;.vc_custom_1626206785668{margin-bottom: 80px !important;}&#8221; el_class=&#8221;contact-row&#8221;][vc_column width=&#8221;1\/2&#8243;][vc_gmaps link=&#8221;#E-8_JTNDaWZyYW1lJTIwc3JjJTNEJTIyaHR0cHMlM0ElMkYlMkZ3d3cuZ29vZ2xlLmNvbSUyRm1hcHMlMkZlbWJlZCUzRnBiJTNEJTIxMW0xOCUyMTFtMTIlMjExbTMlMjExZDI5OTYuMDc4MzczMzMxNzA4JTIxMmQxOS43ODIyOTY1NzY1ODY3MTMlMjEzZDQxLjMyODkwOTA5OTYxOTYyJTIxMm0zJTIxMWYwJTIxMmYwJTIxM2YwJTIxM20yJTIxMWkxMDI0JTIxMmk3NjglMjE0ZjEzLjElMjEzbTMlMjExbTIlMjExczB4MTM1MDMxYTQ4MzUxNzJmNyUyNTNBMHg2M2M1NzlkMDExOWNlYTc1JTIxMnNBbGVzJTI1MjBDb25zdHJ1Y3Rpb24lMjE1ZTAlMjEzbTIlMjExc3NxJTIxMnMlMjE0djE2ODY1NzUyMDUyNjYlMjE1bTIlMjExc3NxJTIxMnMlMjIlMjB3aWR0aCUzRCUyMjYwMCUyMiUyMGhlaWdodCUzRCUyMjQ1MCUyMiUyMHN0eWxlJTNEJTIyYm9yZGVyJTNBMCUzQiUyMiUyMGFsbG93ZnVsbHNjcmVlbiUzRCUyMiUyMiUyMGxvYWRpbmclM0QlMjJsYXp5JTIyJTIwcmVmZXJyZXJwb2xpY3klM0QlMjJuby1yZWZlcnJlci13aGVuLWRvd25ncmFkZSUyMiUzRSUzQyUyRmlmcmFtZSUzRQ==&#8221;][\/vc_column][vc_column width=&#8221;1\/2&#8243;][vc_row_inner css=&#8221;.vc_custom_1626206830206{margin-top: 60px !important;margin-left: 0px !important;}&#8221; el_class=&#8221;contact-subrow&#8221;][vc_column_inner el_class=&#8221;shadow-box&#8221;][vc_column_text] Tirana [\/vc_column_text][\/vc_column_inner][\/vc_row_inner][\/vc_column][\/vc_row][vc_row css=&#8221;.vc_custom_1626206778829{margin-bottom: 80px !important;}&#8221; el_class=&#8221;contact-row&#8221;][vc_column width=&#8221;1\/2&#8243;][vc_gmaps link=&#8221;#E-8_JTNDaWZyYW1lJTIwc3JjJTNEJTIyaHR0cHMlM0ElMkYlMkZ3d3cuZ29vZ2xlLmNvbSUyRm1hcHMlMkZlbWJlZCUzRnBiJTNEJTIxMW0xNCUyMTFtOCUyMTFtMyUyMTFkNTkwMy4zMTM4MDA3Mjg3MTYlMjEyZDE4LjgzOTkwODUlMjEzZDQyLjI4NTg0NjglMjEzbTIlMjExaTEwMjQlMjEyaTc2OCUyMTRmMTMuMSUyMTNtMyUyMTFtMiUyMTFzMHgxMzRkZDQ5YTU3ODRiMzBkJTI1M0EweDZhZDljZWNiNmQ1MjliMmQlMjEyc0JsYSUyNUM1JTI1QkVhJTI1MjBKb3Zhbm92aSUyNUM0JTI1ODdhJTI1MkMlMjUyMEJ1ZHZhJTI1MkMlMjUyME1vbnRlbmVncm8lMjE1ZTAlMjEzbTIlMjExc2VuJTIxMnMlMjE0djE2Mjc1NzY3NDE1MjQlMjE1bTIlMjExc2VuJTIxMnMlMjIlMjB3aWR0aCUzRCUyMjY0MCUyMiUyMGhlaWdodCUzRCUyMjQ4MCUyMiUyMHN0eWxlJTNEJTIyYm9yZGVyJTNBMCUzQiUyMiUyMGFsbG93ZnVsbHNjcmVlbiUzRCUyMiUyMiUyMGxvYWRpbmclM0QlMjJsYXp5JTIyJTNFJTNDJTJGaWZyYW1lJTNF&#8221;][\/vc_column][vc_column width=&#8221;1\/2&#8243;][vc_row_inner css=&#8221;.vc_custom_1626206842128{margin-top: 60px !important;}&#8221; el_class=&#8221;contact-subrow&#8221;][vc_column_inner el_class=&#8221;shadow-box&#8221;][vc_column_text] Budva [\/vc_column_text][\/vc_column_inner][\/vc_row_inner][\/vc_column][\/vc_row][vc_row full_width=&#8221;stretch_row&#8221; gap=&#8221;30&#8243; css=&#8221;.vc_custom_1627575519133{padding-top: 120px !important;padding-bottom: 120px !important;background-position: center !important;background-repeat: no-repeat !important;background-size: cover !important;}&#8221;][vc_column width=&#8221;1\/2&#8243;][vc_column_text css_animation=&#8221;fadeIn&#8221; css=&#8221;.vc_custom_1624711893988{margin-bottom: 35px !important;}&#8221;] Le t\u00eb b\u00ebjm\u00eb nj\u00eb bised\u00eb produktive. [&hellip;]","og_url":"https:\/\/ales.al\/construction\/sq\/na-kontaktoni\/","og_site_name":"Ales Construction","article_publisher":"https:\/\/www.facebook.com\/ALES.Construction","article_modified_time":"2023-06-12T13:09:21+00:00","og_image":[{"width":600,"height":760,"url":"https:\/\/ales.al\/construction\/wp-content\/uploads\/2021\/06\/ales2.jpg","type":"image\/jpeg"}],"twitter_card":"summary_large_image","twitter_misc":{"Est. reading time":"2 minutes"},"schema":{"@context":"https:\/\/schema.org","@graph":[{"@type":"WebPage","@id":"https:\/\/ales.al\/construction\/sq\/na-kontaktoni\/","url":"https:\/\/ales.al\/construction\/sq\/na-kontaktoni\/","name":"Na kontaktoni - Ales Construction","isPartOf":{"@id":"https:\/\/ales.al\/construction\/#website"},"datePublished":"2021-06-26T12:43:27+00:00","dateModified":"2023-06-12T13:09:21+00:00","breadcrumb":{"@id":"https:\/\/ales.al\/construction\/sq\/na-kontaktoni\/#breadcrumb"},"inLanguage":"en-US","potentialAction":[{"@type":"ReadAction","target":["https:\/\/ales.al\/construction\/sq\/na-kontaktoni\/"]}]},{"@type":"BreadcrumbList","@id":"https:\/\/ales.al\/construction\/sq\/na-kontaktoni\/#breadcrumb","itemListElement":[{"@type":"ListItem","position":1,"name":"Home","item":"https:\/\/ales.al\/construction\/"},{"@type":"ListItem","position":2,"name":"Na kontaktoni"}]},{"@type":"WebSite","@id":"https:\/\/ales.al\/construction\/#website","url":"https:\/\/ales.al\/construction\/","name":"Ales Construction","description":"Ales Construction","publisher":{"@id":"https:\/\/ales.al\/construction\/#organization"},"alternateName":"Ales","potentialAction":[{"@type":"SearchAction","target":{"@type":"EntryPoint","urlTemplate":"https:\/\/ales.al\/construction\/?s={search_term_string}"},"query-input":"required name=search_term_string"}],"inLanguage":"en-US"},{"@type":"Organization","@id":"https:\/\/ales.al\/construction\/#organization","name":"Ales Construction","alternateName":"Ales Construction","url":"https:\/\/ales.al\/construction\/","logo":{"@type":"ImageObject","inLanguage":"en-US","@id":"https:\/\/ales.al\/construction\/#\/schema\/logo\/image\/","url":"https:\/\/ales.al\/construction\/wp-content\/uploads\/2023\/05\/ales-logo.png","contentUrl":"https:\/\/ales.al\/construction\/wp-content\/uploads\/2023\/05\/ales-logo.png","width":696,"height":696,"caption":"Ales Construction"},"image":{"@id":"https:\/\/ales.al\/construction\/#\/schema\/logo\/image\/"},"sameAs":["https:\/\/www.facebook.com\/ALES.Construction"]}]}},"_links":{"self":[{"href":"https:\/\/ales.al\/construction\/wp-json\/wp\/v2\/pages\/13688","targetHints":{"allow":["GET"]}}],"collection":[{"href":"https:\/\/ales.al\/construction\/wp-json\/wp\/v2\/pages"}],"about":[{"href":"https:\/\/ales.al\/construction\/wp-json\/wp\/v2\/types\/page"}],"author":[{"embeddable":true,"href":"https:\/\/ales.al\/construction\/wp-json\/wp\/v2\/users\/1"}],"replies":[{"embeddable":true,"href":"https:\/\/ales.al\/construction\/wp-json\/wp\/v2\/comments?post=13688"}],"version-history":[{"count":0,"href":"https:\/\/ales.al\/construction\/wp-json\/wp\/v2\/pages\/13688\/revisions"}],"wp:attachment":[{"href":"https:\/\/ales.al\/construction\/wp-json\/wp\/v2\/media?parent=13688"}],"curies":[{"name":"wp","href":"https:\/\/api.w.org\/{rel}","templated":true}]}}