{"id":13649,"date":"2021-06-25T13:42:32","date_gmt":"2021-06-25T13:42:32","guid":{"rendered":"https:\/\/ales.al\/construction\/?page_id=13649"},"modified":"2023-06-08T10:59:25","modified_gmt":"2023-06-08T10:59:25","slug":"rreth-nesh","status":"publish","type":"page","link":"https:\/\/ales.al\/construction\/sq\/rreth-nesh\/","title":{"rendered":"Rreth Nesh"},"content":{"rendered":"<p>[vc_row el_class=&#8221;spaced-top&#8221;][vc_column][vc_column_text]<\/p>\n<h1 style=\"text-align: center;\">Kush jemi, dhe si arrit\u00ebm k\u00ebtu?<\/h1>\n<p>[\/vc_column_text][vc_row_inner][vc_column_inner][vc_column_text]Shoq\u00ebria Ales Construction\u00a0sh.p.k \u00ebsht\u00eb themeluar n\u00eb vitin 1999 me aktivitet n\u00eb tregun e nd\u00ebrtimeve n\u00eb Shqip\u00ebri dhe prej at\u00ebher\u00eb ka punuar n\u00eb sip\u00ebrmarrje t\u00eb shumta e t\u00eb larmishme nd\u00ebrtimi, t\u00eb shp\u00ebrndara n\u00eb nj\u00eb hap\u00ebsir\u00eb gjeografike ku p\u00ebrfshihen qytetet Tiran\u00eb, Kruj\u00eb, Durr\u00ebs, Lezh\u00eb, Kuk\u00ebs, etj.<\/p>\n<p>Shoq\u00ebria jon\u00eb p\u00ebrb\u00ebhet nga nj\u00eb staf i kualifikuar dhe me eksperienc\u00eb, si: arkitekt, inxhinier\u00eb, teknik\u00eb t\u00eb specializuar dhe mesatarisht 150 specialist\u00eb e pun\u00ebtor\u00eb me p\u00ebrvoj\u00eb n\u00eb fush\u00ebn e nd\u00ebrtimit. Sot pas shum\u00eb vitesh ekperienc\u00eb e gjejm\u00eb veten mes emrave m\u00eb aktiv\u00eb n\u00eb tregun shqiptar p\u00ebr investim, nd\u00ebrtim dhe projektim, duke iu p\u00ebrgjigjur k\u00ebshtu k\u00ebrkesave t\u00eb klient\u00ebve me cil\u00ebsi, korrekt\u00ebsi dhe shpejt\u00ebsi.[\/vc_column_text][vc_column_text][\/vc_column_text][\/vc_column_inner][\/vc_row_inner][\/vc_column][\/vc_row][vc_row content_placement=&#8221;middle&#8221; css=&#8221;.vc_custom_1534856978934{margin-top: 120px !important;}&#8221;][vc_column width=&#8221;1\/2&#8243;][vc_row_inner el_class=&#8221;overlap-right&#8221;][vc_column_inner el_class=&#8221;shadow-box&#8221;]<span class=\"subtitle dash-false style-dark text-default\">Sh\u00ebrbimet tona<\/span>[vc_column_text]<\/p>\n<h2>N\u00cb FUSH\u00cbN E ND\u00cbRTIMIT<\/h2>\n<p>[\/vc_column_text]<div class=\"dash style-dark default\"><\/div>[vc_column_text]Eksperienca e Ales Construction\u00a0gjat\u00eb viteve p\u00ebrfshin nd\u00ebrtimin e objekteve nga fillimi i punimeve deri n\u00eb p\u00ebrfundim, por gjithashtu procese specifike, si: struktura betonarme, muratur\u00eb tulle, suvatime, shtresa dyshemeje, punime infrastrukture dhe procese t\u00eb tjera, duke ofruar \u00e7mimet dhe cil\u00ebsin\u00eb m\u00eb konkuruese, si dhe duke iu p\u00ebrgjigjur n\u00eb koh\u00eb k\u00ebrkesave t\u00eb investitor\u00ebve.<\/p>\n<p>Ales Construction ka marr\u00eb pjes\u00eb n\u00eb disa nga nd\u00ebrtimet m\u00eb t\u00eb vecanta t\u00eb realizuara deri m\u00eb sot n\u00eb Shqip\u00ebri, t\u00eb cilat do t\u2019i shihni n\u00eb referencat n\u00eb vazhdim. Me nj\u00eb fuqi gjithnj\u00eb n\u00eb rritje t\u00eb fuqis\u00eb pun\u00ebtore dhe logjistik\u00ebs, kompania jon\u00eb mbulon sot nj\u00eb mesatare prej 8,000 m karpenteri dhe hedhje betoni t\u00eb realizuar n\u00eb muaj, n\u00eb kantier\u00eb t\u00eb ndrysh\u00ebm. Nj\u00eb sasi prej 20,000 m panele karpenterie nd\u00ebrtimi, me gjith\u00eb aksesor\u00ebt e nevojsh\u00ebm p\u00ebrdoren sot n\u00eb kantier\u00eb t\u00eb ndrysh\u00ebm n\u00eb Tiran\u00eb dhe rrethe t\u00eb tjera.<\/p>\n<p>Q\u00eb prej vitit 2010 Ales Construction i ka realizuar projektet me sukses si investitor dhe si subjekt nd\u00ebrtues, me kat\u00ebr komplekse banimi dhe sh\u00ebrbimi t\u00eb p\u00ebrfunduar, tre n\u00eb Tiran\u00eb, dhe nj\u00eb n\u00eb Kuk\u00ebs.[\/vc_column_text][\/vc_column_inner][\/vc_row_inner][\/vc_column][vc_column width=&#8221;1\/2&#8243;][vc_single_image image=&#8221;16061&#8243; add_caption=&#8221;yes&#8221; onclick=&#8221;img_link_large&#8221;][\/vc_column][\/vc_row][vc_row css=&#8221;.vc_custom_1537429589105{margin-top: 120px !important;margin-bottom: 80px !important;}&#8221;][vc_column width=&#8221;1\/2&#8243;][vc_single_image image=&#8221;13905&#8243; add_caption=&#8221;yes&#8221; onclick=&#8221;img_link_large&#8221;][\/vc_column][vc_column width=&#8221;1\/2&#8243;][vc_row_inner el_class=&#8221;overlap-left&#8221;][vc_column_inner el_class=&#8221;shadow-box&#8221;]<span class=\"subtitle dash-false style-dark text-default\"><\/span>[vc_column_text]<\/p>\n<h2>KLIENT\u00cbT TAN\u00cb<\/h2>\n<p>[\/vc_column_text][vc_column_text]Roli i kompanis\u00eb son\u00eb ndahet n\u00eb tre kategori kryesore:<\/p>\n<p>Si n\u00ebnkontraktore &#8211; vecan\u00ebrisht n\u00eb punimet e strukturave t\u00eb betonit, si konsulent\u00eb dhe zbatues t\u00eb sh\u00ebrbimeve t\u00eb projektimit &#8211; p\u00ebr pasuri t\u00eb paluajtshme, si investitor\u00eb \u2013 n\u00eb projekte t\u00eb larmishme nd\u00ebrtimi.<\/p>\n<p>Krenar\u00eb, pasi kemi fituar nj\u00eb reputacion t\u00eb mir\u00eb duke arritur rezultatet e d\u00ebshiruara n\u00eb koh\u00ebn e duhur.[\/vc_column_text][\/vc_column_inner][\/vc_row_inner][\/vc_column][\/vc_row]<\/p>\n","protected":false},"excerpt":{"rendered":"<p>[vc_row el_class=&#8221;spaced-top&#8221;][vc_column][vc_column_text] Kush jemi, dhe si arrit\u00ebm k\u00ebtu? [\/vc_column_text][vc_row_inner][vc_column_inner][vc_column_text]Shoq\u00ebria Ales Construction\u00a0sh.p.k \u00ebsht\u00eb themeluar n\u00eb vitin 1999 me aktivitet n\u00eb tregun e nd\u00ebrtimeve n\u00eb Shqip\u00ebri dhe prej at\u00ebher\u00eb ka punuar n\u00eb sip\u00ebrmarrje t\u00eb shumta e t\u00eb larmishme nd\u00ebrtimi, t\u00eb shp\u00ebrndara n\u00eb nj\u00eb hap\u00ebsir\u00eb gjeografike ku p\u00ebrfshihen qytetet Tiran\u00eb, Kruj\u00eb, Durr\u00ebs, Lezh\u00eb, Kuk\u00ebs, etj. Shoq\u00ebria jon\u00eb p\u00ebrb\u00ebhet [&hellip;]<\/p>\n","protected":false},"author":1,"featured_media":0,"parent":0,"menu_order":0,"comment_status":"closed","ping_status":"closed","template":"","meta":{"footnotes":""},"class_list":["post-13649","page","type-page","status-publish","hentry"],"acf":[],"yoast_head":"<!-- This site is optimized with the Yoast SEO Premium plugin v20.7 (Yoast SEO v23.0) - https:\/\/yoast.com\/wordpress\/plugins\/seo\/ -->\n<title>Rreth Nesh - Ales Construction<\/title>\n<meta name=\"description\" content=\"Shoq\u00ebria jon\u00eb p\u00ebrb\u00ebhet nga nj\u00eb staf i kualifikuar dhe me eksperienc\u00eb, si: arkitekt, inxhinier\u00eb, teknik\u00eb t\u00eb specializuar dhe mesatarisht...\" \/>\n<meta name=\"robots\" content=\"index, follow, max-snippet:-1, max-image-preview:large, max-video-preview:-1\" \/>\n<link rel=\"canonical\" href=\"https:\/\/ales.al\/construction\/sq\/rreth-nesh\/\" \/>\n<meta property=\"og:locale\" content=\"en_US\" \/>\n<meta property=\"og:type\" content=\"article\" \/>\n<meta property=\"og:title\" content=\"Rreth Nesh\" \/>\n<meta property=\"og:description\" content=\"Shoq\u00ebria jon\u00eb p\u00ebrb\u00ebhet nga nj\u00eb staf i kualifikuar dhe me eksperienc\u00eb, si: arkitekt, inxhinier\u00eb, teknik\u00eb t\u00eb specializuar dhe mesatarisht...\" \/>\n<meta property=\"og:url\" content=\"https:\/\/ales.al\/construction\/sq\/rreth-nesh\/\" \/>\n<meta property=\"og:site_name\" content=\"Ales Construction\" \/>\n<meta property=\"article:publisher\" content=\"https:\/\/www.facebook.com\/ALES.Construction\" \/>\n<meta property=\"article:modified_time\" content=\"2023-06-08T10:59:25+00:00\" \/>\n<meta property=\"og:image\" content=\"https:\/\/ales.al\/construction\/wp-content\/uploads\/2021\/06\/ales2.jpg\" \/>\n\t<meta property=\"og:image:width\" content=\"600\" \/>\n\t<meta property=\"og:image:height\" content=\"760\" \/>\n\t<meta property=\"og:image:type\" content=\"image\/jpeg\" \/>\n<meta name=\"twitter:card\" content=\"summary_large_image\" \/>\n<meta name=\"twitter:label1\" content=\"Est. reading time\" \/>\n\t<meta name=\"twitter:data1\" content=\"2 minutes\" \/>\n<script type=\"application\/ld+json\" class=\"yoast-schema-graph\">{\"@context\":\"https:\/\/schema.org\",\"@graph\":[{\"@type\":\"WebPage\",\"@id\":\"https:\/\/ales.al\/construction\/sq\/rreth-nesh\/\",\"url\":\"https:\/\/ales.al\/construction\/sq\/rreth-nesh\/\",\"name\":\"Rreth Nesh - Ales Construction\",\"isPartOf\":{\"@id\":\"https:\/\/ales.al\/construction\/#website\"},\"datePublished\":\"2021-06-25T13:42:32+00:00\",\"dateModified\":\"2023-06-08T10:59:25+00:00\",\"description\":\"Shoq\u00ebria jon\u00eb p\u00ebrb\u00ebhet nga nj\u00eb staf i kualifikuar dhe me eksperienc\u00eb, si: arkitekt, inxhinier\u00eb, teknik\u00eb t\u00eb specializuar dhe mesatarisht...\",\"breadcrumb\":{\"@id\":\"https:\/\/ales.al\/construction\/sq\/rreth-nesh\/#breadcrumb\"},\"inLanguage\":\"en-US\",\"potentialAction\":[{\"@type\":\"ReadAction\",\"target\":[\"https:\/\/ales.al\/construction\/sq\/rreth-nesh\/\"]}]},{\"@type\":\"BreadcrumbList\",\"@id\":\"https:\/\/ales.al\/construction\/sq\/rreth-nesh\/#breadcrumb\",\"itemListElement\":[{\"@type\":\"ListItem\",\"position\":1,\"name\":\"Home\",\"item\":\"https:\/\/ales.al\/construction\/\"},{\"@type\":\"ListItem\",\"position\":2,\"name\":\"Rreth Nesh\"}]},{\"@type\":\"WebSite\",\"@id\":\"https:\/\/ales.al\/construction\/#website\",\"url\":\"https:\/\/ales.al\/construction\/\",\"name\":\"Ales Construction\",\"description\":\"Ales Construction\",\"publisher\":{\"@id\":\"https:\/\/ales.al\/construction\/#organization\"},\"alternateName\":\"Ales\",\"potentialAction\":[{\"@type\":\"SearchAction\",\"target\":{\"@type\":\"EntryPoint\",\"urlTemplate\":\"https:\/\/ales.al\/construction\/?s={search_term_string}\"},\"query-input\":\"required name=search_term_string\"}],\"inLanguage\":\"en-US\"},{\"@type\":\"Organization\",\"@id\":\"https:\/\/ales.al\/construction\/#organization\",\"name\":\"Ales Construction\",\"alternateName\":\"Ales Construction\",\"url\":\"https:\/\/ales.al\/construction\/\",\"logo\":{\"@type\":\"ImageObject\",\"inLanguage\":\"en-US\",\"@id\":\"https:\/\/ales.al\/construction\/#\/schema\/logo\/image\/\",\"url\":\"https:\/\/ales.al\/construction\/wp-content\/uploads\/2023\/05\/ales-logo.png\",\"contentUrl\":\"https:\/\/ales.al\/construction\/wp-content\/uploads\/2023\/05\/ales-logo.png\",\"width\":696,\"height\":696,\"caption\":\"Ales Construction\"},\"image\":{\"@id\":\"https:\/\/ales.al\/construction\/#\/schema\/logo\/image\/\"},\"sameAs\":[\"https:\/\/www.facebook.com\/ALES.Construction\"]}]}<\/script>\n<!-- \/ Yoast SEO Premium plugin. -->","yoast_head_json":{"title":"Rreth Nesh - Ales Construction","description":"Shoq\u00ebria jon\u00eb p\u00ebrb\u00ebhet nga nj\u00eb staf i kualifikuar dhe me eksperienc\u00eb, si: arkitekt, inxhinier\u00eb, teknik\u00eb t\u00eb specializuar dhe mesatarisht...","robots":{"index":"index","follow":"follow","max-snippet":"max-snippet:-1","max-image-preview":"max-image-preview:large","max-video-preview":"max-video-preview:-1"},"canonical":"https:\/\/ales.al\/construction\/sq\/rreth-nesh\/","og_locale":"en_US","og_type":"article","og_title":"Rreth Nesh","og_description":"Shoq\u00ebria jon\u00eb p\u00ebrb\u00ebhet nga nj\u00eb staf i kualifikuar dhe me eksperienc\u00eb, si: arkitekt, inxhinier\u00eb, teknik\u00eb t\u00eb specializuar dhe mesatarisht...","og_url":"https:\/\/ales.al\/construction\/sq\/rreth-nesh\/","og_site_name":"Ales Construction","article_publisher":"https:\/\/www.facebook.com\/ALES.Construction","article_modified_time":"2023-06-08T10:59:25+00:00","og_image":[{"width":600,"height":760,"url":"https:\/\/ales.al\/construction\/wp-content\/uploads\/2021\/06\/ales2.jpg","type":"image\/jpeg"}],"twitter_card":"summary_large_image","twitter_misc":{"Est. reading time":"2 minutes"},"schema":{"@context":"https:\/\/schema.org","@graph":[{"@type":"WebPage","@id":"https:\/\/ales.al\/construction\/sq\/rreth-nesh\/","url":"https:\/\/ales.al\/construction\/sq\/rreth-nesh\/","name":"Rreth Nesh - Ales Construction","isPartOf":{"@id":"https:\/\/ales.al\/construction\/#website"},"datePublished":"2021-06-25T13:42:32+00:00","dateModified":"2023-06-08T10:59:25+00:00","description":"Shoq\u00ebria jon\u00eb p\u00ebrb\u00ebhet nga nj\u00eb staf i kualifikuar dhe me eksperienc\u00eb, si: arkitekt, inxhinier\u00eb, teknik\u00eb t\u00eb specializuar dhe mesatarisht...","breadcrumb":{"@id":"https:\/\/ales.al\/construction\/sq\/rreth-nesh\/#breadcrumb"},"inLanguage":"en-US","potentialAction":[{"@type":"ReadAction","target":["https:\/\/ales.al\/construction\/sq\/rreth-nesh\/"]}]},{"@type":"BreadcrumbList","@id":"https:\/\/ales.al\/construction\/sq\/rreth-nesh\/#breadcrumb","itemListElement":[{"@type":"ListItem","position":1,"name":"Home","item":"https:\/\/ales.al\/construction\/"},{"@type":"ListItem","position":2,"name":"Rreth Nesh"}]},{"@type":"WebSite","@id":"https:\/\/ales.al\/construction\/#website","url":"https:\/\/ales.al\/construction\/","name":"Ales Construction","description":"Ales Construction","publisher":{"@id":"https:\/\/ales.al\/construction\/#organization"},"alternateName":"Ales","potentialAction":[{"@type":"SearchAction","target":{"@type":"EntryPoint","urlTemplate":"https:\/\/ales.al\/construction\/?s={search_term_string}"},"query-input":"required name=search_term_string"}],"inLanguage":"en-US"},{"@type":"Organization","@id":"https:\/\/ales.al\/construction\/#organization","name":"Ales Construction","alternateName":"Ales Construction","url":"https:\/\/ales.al\/construction\/","logo":{"@type":"ImageObject","inLanguage":"en-US","@id":"https:\/\/ales.al\/construction\/#\/schema\/logo\/image\/","url":"https:\/\/ales.al\/construction\/wp-content\/uploads\/2023\/05\/ales-logo.png","contentUrl":"https:\/\/ales.al\/construction\/wp-content\/uploads\/2023\/05\/ales-logo.png","width":696,"height":696,"caption":"Ales Construction"},"image":{"@id":"https:\/\/ales.al\/construction\/#\/schema\/logo\/image\/"},"sameAs":["https:\/\/www.facebook.com\/ALES.Construction"]}]}},"_links":{"self":[{"href":"https:\/\/ales.al\/construction\/wp-json\/wp\/v2\/pages\/13649","targetHints":{"allow":["GET"]}}],"collection":[{"href":"https:\/\/ales.al\/construction\/wp-json\/wp\/v2\/pages"}],"about":[{"href":"https:\/\/ales.al\/construction\/wp-json\/wp\/v2\/types\/page"}],"author":[{"embeddable":true,"href":"https:\/\/ales.al\/construction\/wp-json\/wp\/v2\/users\/1"}],"replies":[{"embeddable":true,"href":"https:\/\/ales.al\/construction\/wp-json\/wp\/v2\/comments?post=13649"}],"version-history":[{"count":0,"href":"https:\/\/ales.al\/construction\/wp-json\/wp\/v2\/pages\/13649\/revisions"}],"wp:attachment":[{"href":"https:\/\/ales.al\/construction\/wp-json\/wp\/v2\/media?parent=13649"}],"curies":[{"name":"wp","href":"https:\/\/api.w.org\/{rel}","templated":true}]}}